{"id":31,"date":"2022-12-23T19:36:34","date_gmt":"2022-12-23T22:36:34","guid":{"rendered":"http:\/\/35.167.26.242\/?page_id=31"},"modified":"2026-01-27T12:36:23","modified_gmt":"2026-01-27T15:36:23","slug":"tpr","status":"publish","type":"page","link":"https:\/\/logytsud.com.ar\/en\/tpr\/","title":{"rendered":"TPR"},"content":{"rendered":"<p>[et_pb_section fb_built=&#8221;1&#8243; module_id=&#8221;soluciones&#8221; _builder_version=&#8221;4.19.1&#8243; _module_preset=&#8221;default&#8221; background_color=&#8221;#f2f5f9&#8243; background_image=&#8221;http:\/\/35.167.26.242\/wp-content\/uploads\/2022\/12\/logo-big-1.png&#8221; background_size=&#8221;contain&#8221; background_position=&#8221;center_right&#8221; custom_padding=&#8221;60px||50px||false|false&#8221; background_last_edited=&#8221;on|phone&#8221; background_enable_image_phone=&#8221;off&#8221; global_colors_info=&#8221;{}&#8221;][et_pb_row column_structure=&#8221;1_2,1_2&#8243; _builder_version=&#8221;4.16&#8243; _module_preset=&#8221;default&#8221; global_colors_info=&#8221;{}&#8221;][et_pb_column type=&#8221;1_2&#8243; _builder_version=&#8221;4.16&#8243; _module_preset=&#8221;default&#8221; global_colors_info=&#8221;{}&#8221;][et_pb_text _builder_version=&#8221;4.16&#8243; _module_preset=&#8221;default&#8221; text_text_color=&#8221;#001740&#8243; text_font_size=&#8221;18px&#8221; header_font=&#8221;||||||||&#8221; header_text_color=&#8221;#001740&#8243; header_font_size=&#8221;50px&#8221; module_alignment=&#8221;center&#8221; global_colors_info=&#8221;{}&#8221;]<\/p>\n<h1>TPR retail<\/h1>\n<p>TPR te ayuda a conocer el <strong>your business performance<\/strong>, entender su din\u00e1mica y a descubrir oportunidades de mejora en los indicadores clave de ventas y stocks. Medimos y analizamos variables criticas como: rotaci\u00f3n, precios, distribuci\u00f3n, stock en tienda y CD, instock, promociones, lanzamientos, exhibici\u00f3n, DOH.<\/p>\n<p>We standardize information from over 40 <strong>retail, supermercados, mayoristas y droguer\u00edas<\/strong> de toda Latinoam\u00e9rica. Brindamos indicadores est\u00e1ndar de toda la cadena de abastecimiento, simplificando gesti\u00f3n y an\u00e1lisis para la toma de desiciones para reducir venta perdida y asegurar el producto en las gondolas de los supermercados.<\/p>\n<p>TPR es la plataforma l\u00edder y referente de la industria retail en LATAM. Con datos en tiempo real, juega un rol clave en la colaboraci\u00f3n proveedor-supermercado \u00a0y en \u00a0transformaci\u00f3n digital.<\/p>\n<p>&nbsp;<\/p>\n<p>[\/et_pb_text][\/et_pb_column][et_pb_column type=&#8221;1_2&#8243; _builder_version=&#8221;4.16&#8243; _module_preset=&#8221;default&#8221; global_colors_info=&#8221;{}&#8221;][et_pb_gallery gallery_ids=&#8221;96,97&#8243; fullwidth=&#8221;on&#8221; module_id=&#8221;slider-notebook&#8221; _builder_version=&#8221;4.19.4&#8243; _module_preset=&#8221;default&#8221; custom_padding=&#8221;|15px|70px|15px|false|false&#8221; auto=&#8221;on&#8221; auto_speed=&#8221;4000&#8243; global_colors_info=&#8221;{}&#8221;][\/et_pb_gallery][et_pb_button button_url=&#8221;https:\/\/logytsud.com.ar\/videos#videos-tpr&#8221; button_text=&#8221;VER VIDEO&#8221; button_alignment=&#8221;center&#8221; _builder_version=&#8221;4.27.5&#8243; _module_preset=&#8221;default&#8221; custom_button=&#8221;on&#8221; button_text_size=&#8221;16px&#8221; button_text_color=&#8221;#005cff&#8221; button_border_width=&#8221;1px&#8221; button_border_radius=&#8221;50px&#8221; custom_padding=&#8221;10px|30px|8px|30px|false|false&#8221; global_colors_info=&#8221;{}&#8221;][\/et_pb_button][\/et_pb_column][\/et_pb_row][\/et_pb_section][et_pb_section fb_built=&#8221;1&#8243; _builder_version=&#8221;4.16&#8243; _module_preset=&#8221;default&#8221; custom_padding=&#8221;27px||18px|||&#8221; global_colors_info=&#8221;{}&#8221;][et_pb_row _builder_version=&#8221;4.16&#8243; _module_preset=&#8221;default&#8221; global_colors_info=&#8221;{}&#8221;][et_pb_column type=&#8221;4_4&#8243; _builder_version=&#8221;4.16&#8243; _module_preset=&#8221;default&#8221; global_colors_info=&#8221;{}&#8221;][et_pb_text _builder_version=&#8221;4.16&#8243; _module_preset=&#8221;default&#8221; text_text_color=&#8221;#001740&#8243; text_font_size=&#8221;18px&#8221; header_font=&#8221;||||||||&#8221; header_text_color=&#8221;#001740&#8243; header_font_size=&#8221;50px&#8221; text_orientation=&#8221;center&#8221; module_alignment=&#8221;center&#8221; global_colors_info=&#8221;{}&#8221;]<\/p>\n<h3>TPR offers<\/h3>\n<p>[\/et_pb_text][\/et_pb_column][\/et_pb_row][et_pb_row column_structure=&#8221;1_3,1_3,1_3&#8243; module_id=&#8221;list&#8221; _builder_version=&#8221;4.19.2&#8243; _module_preset=&#8221;default&#8221; width=&#8221;100%&#8221; custom_padding=&#8221;0px||||false|false&#8221; global_colors_info=&#8221;{}&#8221;][et_pb_column type=&#8221;1_3&#8243; _builder_version=&#8221;4.16&#8243; _module_preset=&#8221;default&#8221; global_colors_info=&#8221;{}&#8221;][et_pb_code _builder_version=&#8221;4.16&#8243; _module_preset=&#8221;default&#8221; text_orientation=&#8221;center&#8221; global_colors_info=&#8221;{}&#8221;]<script src=\"https:\/\/cdn.lordicon.com\/qjzruarw.js\"><\/script><!-- [et_pb_line_break_holder] --><lord-icon<!--___noise___ 1020-->    src=&#8221;https:\/\/cdn.lordicon.com\/dbkviqyk.json&#8221;<!-- [et_pb_line_break_holder] -->    trigger=&#8221;loop&#8221;<!-- [et_pb_line_break_holder] -->    delay=&#8221;2000&#8243;<!-- [et_pb_line_break_holder] -->    colors=&#8221;primary:#001740,secondary:#005cff&#8221;<!-- [et_pb_line_break_holder] -->    style=&#8221;width:100px;height:100px&#8221;><!-- [et_pb_line_break_holder] --><\/lord-icon>[\/et_pb_code][et_pb_text _builder_version=&#8221;4.19.1&#8243; _module_preset=&#8221;default&#8221; text_text_color=&#8221;#001740&#8243; text_font_size=&#8221;15px&#8221; text_line_height=&#8221;1.3em&#8221; header_font=&#8221;||||||||&#8221; header_text_color=&#8221;#005cff&#8221; header_font_size=&#8221;32px&#8221; global_colors_info=&#8221;{}&#8221;]<\/p>\n<h1>Data<\/h1>\n<p>[\/et_pb_text][et_pb_blurb title=&#8221;Actualizaciones diarias&#8221; image=&#8221;https:\/\/logytsud.com.ar\/wp-content\/uploads\/2022\/12\/Trazado-55.png&#8221; icon_placement=&#8221;left&#8221; _builder_version=&#8221;4.19.4&#8243; _module_preset=&#8221;default&#8221; custom_margin=&#8221;||5px||false|false&#8221; custom_padding=&#8221;||0px||false|false&#8221; custom_css_blurb_image=&#8221;width: 14px;&#8221; global_colors_info=&#8221;{}&#8221;][\/et_pb_blurb][et_pb_blurb title=&#8221;Hasta dos a\u00f1os de historia&#8221; image=&#8221;https:\/\/logytsud.com.ar\/wp-content\/uploads\/2022\/12\/Trazado-55.png&#8221; icon_placement=&#8221;left&#8221; _builder_version=&#8221;4.19.4&#8243; _module_preset=&#8221;default&#8221; custom_margin=&#8221;||5px||false|false&#8221; custom_padding=&#8221;||0px||false|false&#8221; custom_css_blurb_image=&#8221;width: 14px;&#8221; global_colors_info=&#8221;{}&#8221;][\/et_pb_blurb][et_pb_blurb title=&#8221;Datos de venta y stock con detalle diario a nivel producto tienda&#8221; image=&#8221;https:\/\/logytsud.com.ar\/wp-content\/uploads\/2022\/12\/Trazado-55.png&#8221; icon_placement=&#8221;left&#8221; _builder_version=&#8221;4.19.4&#8243; _module_preset=&#8221;default&#8221; custom_margin=&#8221;||5px||false|false&#8221; custom_padding=&#8221;||0px||false|false&#8221; custom_css_blurb_image=&#8221;width: 14px;&#8221; global_colors_info=&#8221;{}&#8221;][\/et_pb_blurb][et_pb_blurb title=&#8221;100% descargable a excel&#8221; image=&#8221;https:\/\/logytsud.com.ar\/wp-content\/uploads\/2022\/12\/Trazado-55.png&#8221; icon_placement=&#8221;left&#8221; _builder_version=&#8221;4.19.4&#8243; _module_preset=&#8221;default&#8221; custom_margin=&#8221;||5px||false|false&#8221; custom_padding=&#8221;||0px||false|false&#8221; custom_css_blurb_image=&#8221;width: 14px;&#8221; global_colors_info=&#8221;{}&#8221;][\/et_pb_blurb][\/et_pb_column][et_pb_column type=&#8221;1_3&#8243; _builder_version=&#8221;4.16&#8243; _module_preset=&#8221;default&#8221; global_colors_info=&#8221;{}&#8221;][et_pb_code _builder_version=&#8221;4.19.2&#8243; _module_preset=&#8221;default&#8221; text_orientation=&#8221;center&#8221; global_colors_info=&#8221;{}&#8221;]<script src=\"https:\/\/cdn.lordicon.com\/fudrjiwc.js\"><\/script><!-- [et_pb_line_break_holder] --><lord-icon<!--___noise___ 1013-->    src=&#8221;https:\/\/cdn.lordicon.com\/gqdnbnwt.json&#8221;<!-- [et_pb_line_break_holder] -->    trigger=&#8221;loop&#8221;<!-- [et_pb_line_break_holder] -->    delay=&#8221;2000&#8243;<!-- [et_pb_line_break_holder] -->    colors=&#8221;primary:#121331,secondary:#005cff&#8221;<!-- [et_pb_line_break_holder] -->    style=&#8221;width:100px;height:100px&#8221;><!-- [et_pb_line_break_holder] --><\/lord-icon><!-- [et_pb_line_break_holder] -->[\/et_pb_code][et_pb_text _builder_version=&#8221;4.19.1&#8243; _module_preset=&#8221;default&#8221; text_text_color=&#8221;#001740&#8243; text_font_size=&#8221;15px&#8221; text_line_height=&#8221;1.3em&#8221; header_font=&#8221;||||||||&#8221; header_text_color=&#8221;#005cff&#8221; header_font_size=&#8221;32px&#8221; global_colors_info=&#8221;{}&#8221;]<\/p>\n<h1>Extras<\/h1>\n<p>[\/et_pb_text][et_pb_blurb title=&#8221;Usuarios ilimitados&#8221; image=&#8221;https:\/\/logytsud.com.ar\/wp-content\/uploads\/2022\/12\/Trazado-55.png&#8221; icon_placement=&#8221;left&#8221; _builder_version=&#8221;4.19.4&#8243; _module_preset=&#8221;default&#8221; custom_margin=&#8221;||5px||false|false&#8221; custom_padding=&#8221;||0px||false|false&#8221; custom_css_blurb_image=&#8221;width: 14px;&#8221; global_colors_info=&#8221;{}&#8221;][\/et_pb_blurb][et_pb_blurb title=&#8221;Reportes, alarmas y score cards a medida&#8221; image=&#8221;https:\/\/logytsud.com.ar\/wp-content\/uploads\/2022\/12\/Trazado-55.png&#8221; icon_placement=&#8221;left&#8221; _builder_version=&#8221;4.19.4&#8243; _module_preset=&#8221;default&#8221; custom_margin=&#8221;||5px||false|false&#8221; custom_padding=&#8221;||0px||false|false&#8221; custom_css_blurb_image=&#8221;width: 14px;&#8221; global_colors_info=&#8221;{}&#8221;][\/et_pb_blurb][et_pb_blurb title=&#8221;Posibilidad de activar TPR outputs, datos por SFTP o API listos para integrar con tus sistemas de BI, con informaci\u00f3n en tiempo real&#8221; image=&#8221;https:\/\/logytsud.com.ar\/wp-content\/uploads\/2022\/12\/Trazado-55.png&#8221; icon_placement=&#8221;left&#8221; _builder_version=&#8221;4.27.4&#8243; _module_preset=&#8221;default&#8221; custom_margin=&#8221;||5px||false|false&#8221; custom_padding=&#8221;||0px||false|false&#8221; custom_css_blurb_image=&#8221;width: 14px;&#8221; global_colors_info=&#8221;{}&#8221;][\/et_pb_blurb][\/et_pb_column][et_pb_column type=&#8221;1_3&#8243; _builder_version=&#8221;4.16&#8243; _module_preset=&#8221;default&#8221; global_colors_info=&#8221;{}&#8221;][et_pb_code _builder_version=&#8221;4.19.2&#8243; _module_preset=&#8221;default&#8221; text_orientation=&#8221;center&#8221; global_colors_info=&#8221;{}&#8221;]<script src=\"https:\/\/cdn.lordicon.com\/fudrjiwc.js\"><\/script><!-- [et_pb_line_break_holder] --><lord-icon<!--___noise___ 1005-->    src=&#8221;https:\/\/cdn.lordicon.com\/zpxybbhl.json&#8221;<!-- [et_pb_line_break_holder] -->    trigger=&#8221;loop&#8221;<!-- [et_pb_line_break_holder] -->    delay=&#8221;2000&#8243;<!-- [et_pb_line_break_holder] -->    colors=&#8221;primary:#95331,secondary:#005cff&#8221;<!-- [et_pb_line_break_holder] -->    style=&#8221;width:100px;height:100px&#8221;><!-- [et_pb_line_break_holder] --><\/lord-icon>[\/et_pb_code][et_pb_text _builder_version=&#8221;4.19.1&#8243; _module_preset=&#8221;default&#8221; text_text_color=&#8221;#001740&#8243; text_font_size=&#8221;15px&#8221; text_line_height=&#8221;1.3em&#8221; header_font=&#8221;||||||||&#8221; header_text_color=&#8221;#005cff&#8221; header_font_size=&#8221;32px&#8221; global_colors_info=&#8221;{}&#8221;]<\/p>\n<h1>Support<\/h1>\n<p>[\/et_pb_text][et_pb_blurb title=&#8221;Capacitamos a tu equipo en la adopci\u00f3n de la plataforma&#8221; image=&#8221;https:\/\/logytsud.com.ar\/wp-content\/uploads\/2022\/12\/Trazado-55.png&#8221; icon_placement=&#8221;left&#8221; _builder_version=&#8221;4.19.4&#8243; _module_preset=&#8221;default&#8221; custom_margin=&#8221;||5px||false|false&#8221; custom_padding=&#8221;||0px||false|false&#8221; custom_css_blurb_image=&#8221;width: 14px;&#8221; global_colors_info=&#8221;{}&#8221;][\/et_pb_blurb][et_pb_blurb title=&#8221;Soporte de consultas y procesos de an\u00e1lisis&#8221; image=&#8221;https:\/\/logytsud.com.ar\/wp-content\/uploads\/2022\/12\/Trazado-55.png&#8221; icon_placement=&#8221;left&#8221; _builder_version=&#8221;4.19.4&#8243; _module_preset=&#8221;default&#8221; custom_margin=&#8221;||5px||false|false&#8221; custom_padding=&#8221;||0px||false|false&#8221; custom_css_blurb_image=&#8221;width: 14px;&#8221; global_colors_info=&#8221;{}&#8221;][\/et_pb_blurb][et_pb_blurb title=&#8221;Video tutoriales&#8221; image=&#8221;https:\/\/logytsud.com.ar\/wp-content\/uploads\/2022\/12\/Trazado-55.png&#8221; icon_placement=&#8221;left&#8221; _builder_version=&#8221;4.19.4&#8243; _module_preset=&#8221;default&#8221; custom_margin=&#8221;||5px||false|false&#8221; custom_padding=&#8221;||0px||false|false&#8221; custom_css_blurb_image=&#8221;width: 14px;&#8221; global_colors_info=&#8221;{}&#8221;][\/et_pb_blurb][et_pb_blurb title=&#8221;Secci\u00f3n de %22Preguntas frecuentes%22&#8243; image=&#8221;https:\/\/logytsud.com.ar\/wp-content\/uploads\/2022\/12\/Trazado-55.png&#8221; icon_placement=&#8221;left&#8221; _builder_version=&#8221;4.19.4&#8243; _module_preset=&#8221;default&#8221; custom_margin=&#8221;||5px||false|false&#8221; custom_padding=&#8221;||0px||false|false&#8221; custom_css_blurb_image=&#8221;width: 14px;&#8221; global_colors_info=&#8221;{}&#8221;][\/et_pb_blurb][\/et_pb_column][\/et_pb_row][\/et_pb_section][et_pb_section fb_built=&#8221;1&#8243; _builder_version=&#8221;4.16&#8243; _module_preset=&#8221;default&#8221; background_color=&#8221;rgba(242,245,249,0.47)&#8221; global_colors_info=&#8221;{}&#8221;][et_pb_row column_structure=&#8221;1_2,1_2&#8243; _builder_version=&#8221;4.19.2&#8243; _module_preset=&#8221;default&#8221; width=&#8221;100%&#8221; max_width=&#8221;80%&#8221; global_colors_info=&#8221;{}&#8221;][et_pb_column type=&#8221;1_2&#8243; _builder_version=&#8221;4.16&#8243; _module_preset=&#8221;default&#8221; global_colors_info=&#8221;{}&#8221;][et_pb_gallery gallery_ids=&#8221;100,99,98,97,96&#8243; fullwidth=&#8221;on&#8221; module_id=&#8221;slider-notebook&#8221; _builder_version=&#8221;4.19.4&#8243; _module_preset=&#8221;default&#8221; custom_padding=&#8221;|15px|70px|15px|false|false&#8221; auto=&#8221;on&#8221; auto_speed=&#8221;4000&#8243; global_colors_info=&#8221;{}&#8221;][\/et_pb_gallery][\/et_pb_column][et_pb_column type=&#8221;1_2&#8243; _builder_version=&#8221;4.16&#8243; _module_preset=&#8221;default&#8221; global_colors_info=&#8221;{}&#8221;][et_pb_text _builder_version=&#8221;4.19.1&#8243; _module_preset=&#8221;default&#8221; text_text_color=&#8221;#001740&#8243; text_font_size=&#8221;18px&#8221; header_font=&#8221;||||||||&#8221; header_text_color=&#8221;#001740&#8243; header_font_size=&#8221;50px&#8221; module_alignment=&#8221;center&#8221; custom_padding=&#8221;30px||||false|false&#8221; global_colors_info=&#8221;{}&#8221;]<\/p>\n<p>Our platform is<strong> designed by experts<\/strong> in collaborative processes, continuously delivering intuitive new reports ready to be used by different roles and areas across your company.<\/p>\n<p>Adem\u00e1s, nuestra experiencia nos permite ayudar diariamente a tu equipo en todas las etapas del proceso de gesti\u00f3n de tu negocio con inteligencia retail.<\/p>\n<p>[\/et_pb_text][\/et_pb_column][\/et_pb_row][\/et_pb_section][et_pb_section fb_built=&#8221;1&#8243; _builder_version=&#8221;4.16&#8243; _module_preset=&#8221;default&#8221; background_color=&#8221;#f2f5f9&#8243; background_image=&#8221;http:\/\/35.167.26.242\/wp-content\/uploads\/2022\/12\/back-logo.png&#8221; custom_padding=&#8221;27px||59px|||&#8221; global_colors_info=&#8221;{}&#8221;][et_pb_row _builder_version=&#8221;4.16&#8243; _module_preset=&#8221;default&#8221; global_colors_info=&#8221;{}&#8221;][et_pb_column type=&#8221;4_4&#8243; _builder_version=&#8221;4.16&#8243; _module_preset=&#8221;default&#8221; global_colors_info=&#8221;{}&#8221;][et_pb_text _builder_version=&#8221;4.16&#8243; _module_preset=&#8221;default&#8221; text_text_color=&#8221;#001740&#8243; text_font_size=&#8221;18px&#8221; header_font=&#8221;||||||||&#8221; header_text_color=&#8221;#001740&#8243; header_font_size=&#8221;50px&#8221; text_orientation=&#8221;center&#8221; module_alignment=&#8221;center&#8221; global_colors_info=&#8221;{}&#8221;]<\/p>\n<h3>TPR helps you<\/h3>\n<p>[\/et_pb_text][\/et_pb_column][\/et_pb_row][et_pb_row column_structure=&#8221;1_2,1_2&#8243; _builder_version=&#8221;4.27.4&#8243; _module_preset=&#8221;default&#8221; global_colors_info=&#8221;{}&#8221;][et_pb_column type=&#8221;1_2&#8243; _builder_version=&#8221;4.16&#8243; _module_preset=&#8221;default&#8221; global_colors_info=&#8221;{}&#8221;][et_pb_blurb use_icon=&#8221;on&#8221; font_icon=&#8221;&#xe052;||divi||400&#8243; icon_color=&#8221;#005cff&#8221; icon_placement=&#8221;left&#8221; _builder_version=&#8221;4.19.1&#8243; _module_preset=&#8221;default&#8221; body_font_size=&#8221;15px&#8221; global_colors_info=&#8221;{}&#8221;]<\/p>\n<p>monitor your business performance with standardized reports and indicators across all retail chains<\/p>\n<p>[\/et_pb_blurb][et_pb_blurb use_icon=&#8221;on&#8221; font_icon=&#8221;&#xe052;||divi||400&#8243; icon_color=&#8221;#005cff&#8221; icon_placement=&#8221;left&#8221; _builder_version=&#8221;4.19.1&#8243; _module_preset=&#8221;default&#8221; body_font_size=&#8221;15px&#8221; global_colors_info=&#8221;{}&#8221;]<\/p>\n<p>Gain deeper insight into the drivers behind commercial dynamics, and correlate sell-out performance with key point-of-sale variables to better understand cause-and-effect relationships.<\/p>\n<p>[\/et_pb_blurb][et_pb_blurb use_icon=&#8221;on&#8221; font_icon=&#8221;&#xe052;||divi||400&#8243; icon_color=&#8221;#005cff&#8221; icon_placement=&#8221;left&#8221; _builder_version=&#8221;4.19.1&#8243; _module_preset=&#8221;default&#8221; body_font_size=&#8221;15px&#8221; global_colors_info=&#8221;{}&#8221;]<\/p>\n<p>Connect opportunities with store-level stakeholders to enable swift and effective action.<\/p>\n<p>[\/et_pb_blurb][et_pb_blurb use_icon=&#8221;on&#8221; font_icon=&#8221;&#xe052;||divi||400&#8243; icon_color=&#8221;#005cff&#8221; icon_placement=&#8221;left&#8221; _builder_version=&#8221;4.27.4&#8243; _module_preset=&#8221;default&#8221; body_font_size=&#8221;15px&#8221; global_colors_info=&#8221;{}&#8221;]<\/p>\n<p>Trabajar con el forecast colaborativo que usan las cadenas m\u00e1s desarrolladas del mercado<\/p>\n<p>[\/et_pb_blurb][\/et_pb_column][et_pb_column type=&#8221;1_2&#8243; _builder_version=&#8221;4.16&#8243; _module_preset=&#8221;default&#8221; global_colors_info=&#8221;{}&#8221;][et_pb_blurb use_icon=&#8221;on&#8221; font_icon=&#8221;&#xe052;||divi||400&#8243; icon_color=&#8221;#005cff&#8221; icon_placement=&#8221;left&#8221; _builder_version=&#8221;4.27.4&#8243; _module_preset=&#8221;default&#8221; body_font_size=&#8221;15px&#8221; global_colors_info=&#8221;{}&#8221;]<\/p>\n<p>Conocer el nivel de stock o inventario, tanto en tienda como en centros de distribuci\u00f3n de cada cliente, con el fin de optimizar la distribuci\u00f3n ante productos con stock cr\u00edtico<\/p>\n<p>[\/et_pb_blurb][et_pb_blurb use_icon=&#8221;on&#8221; font_icon=&#8221;&#xe052;||divi||400&#8243; icon_color=&#8221;#005cff&#8221; icon_placement=&#8221;left&#8221; _builder_version=&#8221;4.19.2&#8243; _module_preset=&#8221;default&#8221; body_font_size=&#8221;15px&#8221; global_colors_info=&#8221;{}&#8221;]Alimentar con datos de sell out tu proceso de demand planning para aumentar la calidad del proceso[\/et_pb_blurb][et_pb_blurb use_icon=&#8221;on&#8221; font_icon=&#8221;&#xe052;||divi||400&#8243; icon_color=&#8221;#005cff&#8221; icon_placement=&#8221;left&#8221; _builder_version=&#8221;4.19.1&#8243; _module_preset=&#8221;default&#8221; body_font_size=&#8221;15px&#8221; global_colors_info=&#8221;{}&#8221;]<\/p>\n<p>Track and control the implementation and outcomes of commercial actions and product launches<\/p>\n<p>[\/et_pb_blurb][et_pb_blurb use_icon=&#8221;on&#8221; font_icon=&#8221;&#xe052;||divi||400&#8243; icon_color=&#8221;#005cff&#8221; icon_placement=&#8221;left&#8221; _builder_version=&#8221;4.19.1&#8243; _module_preset=&#8221;default&#8221; body_font_size=&#8221;15px&#8221; global_colors_info=&#8221;{}&#8221;]<\/p>\n<p>Free up your team from manual data processing and increase your capacity to manage client relationships<\/p>\n<p>[\/et_pb_blurb][\/et_pb_column][\/et_pb_row][\/et_pb_section][et_pb_section fb_built=&#8221;1&#8243; module_id=&#8221;contacto&#8221; _builder_version=&#8221;4.16&#8243; _module_preset=&#8221;default&#8221; background_color=&#8221;#001740&#8243; saved_tabs=&#8221;all&#8221; global_colors_info=&#8221;{}&#8221;][et_pb_row column_structure=&#8221;1_2,1_2&#8243; _builder_version=&#8221;4.25.2&#8243; _module_preset=&#8221;default&#8221; global_colors_info=&#8221;{}&#8221;][et_pb_column type=&#8221;1_2&#8243; _builder_version=&#8221;4.16&#8243; _module_preset=&#8221;default&#8221; global_colors_info=&#8221;{}&#8221;][et_pb_text _builder_version=&#8221;4.16&#8243; _module_preset=&#8221;default&#8221; text_text_color=&#8221;#005cff&#8221; text_font_size=&#8221;18px&#8221; header_font=&#8221;||||||||&#8221; header_text_align=&#8221;left&#8221; header_text_color=&#8221;#005cff&#8221; header_font_size=&#8221;50px&#8221; text_orientation=&#8221;center&#8221; width_last_edited=&#8221;off|desktop&#8221; module_alignment=&#8221;left&#8221; global_colors_info=&#8221;{}&#8221;]<\/p>\n<h1>Contact us<\/h1>\n<p>[\/et_pb_text][et_pb_text _builder_version=&#8221;4.27.5&#8243; _module_preset=&#8221;default&#8221; text_text_color=&#8221;#ffffff&#8221; text_font_size=&#8221;18px&#8221; hover_enabled=&#8221;0&#8243; text_font_size_tablet=&#8221;&#8221; text_font_size_phone=&#8221;14px&#8221; text_font_size_last_edited=&#8221;on|phone&#8221; global_colors_info=&#8221;{}&#8221; sticky_enabled=&#8221;0&#8243;]<\/p>\n<p style=\"text-align: left;\"><strong>HQ Argentina<\/strong><br \/>Gdor. Marcelino Ugarte 3610, Munro,<br \/>Buenos Aires 1605, AR<\/p>\n<p style=\"text-align: left;\">Join us <span style=\"color: #005cff;\"><a href=\"mailto:consultas@logytsud.com.ar\">busquedas@logytsud.com.ar<\/a><a href=\"mailto:consultas@logytsud.com.ar\"><\/a><\/span><\/p>\n<p style=\"text-align: left;\">Contact us\u00a0<span style=\"color: #005cff;\"><a href=\"mailto:consultas@logytsud.com.ar\">consultas@logytsud.com.ar<\/a><\/span><\/p>\n<p><span style=\"color: #005cff;\"><\/span><\/p>\n<p>&nbsp;<\/p>\n<p>[\/et_pb_text][\/et_pb_column][et_pb_column type=&#8221;1_2&#8243; _builder_version=&#8221;4.16&#8243; _module_preset=&#8221;default&#8221; hover_enabled=&#8221;0&#8243; global_colors_info=&#8221;{}&#8221; sticky_enabled=&#8221;0&#8243;][\/et_pb_column][\/et_pb_row][\/et_pb_section][et_pb_section fb_built=&#8221;1&#8243; _builder_version=&#8221;4.16&#8243; _module_preset=&#8221;default&#8221; background_color=&#8221;#0a0a0a&#8221; custom_padding=&#8221;0px||0px|||&#8221; global_colors_info=&#8221;{}&#8221;][et_pb_row column_structure=&#8221;1_2,1_2&#8243; _builder_version=&#8221;4.16&#8243; _module_preset=&#8221;default&#8221; global_colors_info=&#8221;{}&#8221;][et_pb_column type=&#8221;1_2&#8243; _builder_version=&#8221;4.16&#8243; _module_preset=&#8221;default&#8221; global_colors_info=&#8221;{}&#8221;][et_pb_blurb title=&#8221;Todos los derechos reservados 2024&#8243; image=&#8221;http:\/\/35.167.26.242\/wp-content\/uploads\/2022\/12\/logo-1-1.png&#8221; icon_placement=&#8221;left&#8221; _builder_version=&#8221;4.25.2&#8243; _module_preset=&#8221;default&#8221; header_text_color=&#8221;#ffffff&#8221; header_font_size=&#8221;14px&#8221; header_line_height=&#8221;3em&#8221; global_colors_info=&#8221;{}&#8221;][\/et_pb_blurb][\/et_pb_column][et_pb_column type=&#8221;1_2&#8243; _builder_version=&#8221;4.16&#8243; _module_preset=&#8221;default&#8221; global_colors_info=&#8221;{}&#8221;][et_pb_social_media_follow _builder_version=&#8221;4.19.1&#8243; _module_preset=&#8221;default&#8221; text_orientation=&#8221;right&#8221; global_colors_info=&#8221;{}&#8221;][et_pb_social_media_follow_network social_network=&#8221;linkedin&#8221; url=&#8221;https:\/\/www.linkedin.com\/company\/logytsud\/&#8221; icon_color=&#8221;#005cff&#8221; _builder_version=&#8221;4.19.1&#8243; _module_preset=&#8221;default&#8221; background_enable_color=&#8221;off&#8221; global_colors_info=&#8221;{}&#8221; follow_button=&#8221;off&#8221; url_new_window=&#8221;on&#8221;]linkedin[\/et_pb_social_media_follow_network][\/et_pb_social_media_follow][\/et_pb_column][\/et_pb_row][\/et_pb_section]<\/p>","protected":false},"excerpt":{"rendered":"<p>TPR retail TPR te ayuda a conocer el desempe\u00f1o de tu negocio, entender su din\u00e1mica y a descubrir oportunidades de mejora en los indicadores clave de ventas y stocks. Medimos y analizamos variables criticas como: rotaci\u00f3n, precios, distribuci\u00f3n, stock en tienda y CD, instock, promociones, lanzamientos, exhibici\u00f3n, DOH. Estandarizamos la informaci\u00f3n de m\u00e1s de 40 [&hellip;]<\/p>","protected":false},"author":1,"featured_media":0,"parent":0,"menu_order":0,"comment_status":"closed","ping_status":"closed","template":"","meta":{"_et_pb_use_builder":"on","_et_pb_old_content":"","_et_gb_content_width":"","_monsterinsights_skip_tracking":false,"_monsterinsights_sitenote_active":false,"_monsterinsights_sitenote_note":"","_monsterinsights_sitenote_category":0,"footnotes":""},"class_list":["post-31","page","type-page","status-publish","hentry"],"aioseo_notices":[],"_links":{"self":[{"href":"https:\/\/logytsud.com.ar\/en\/wp-json\/wp\/v2\/pages\/31","targetHints":{"allow":["GET"]}}],"collection":[{"href":"https:\/\/logytsud.com.ar\/en\/wp-json\/wp\/v2\/pages"}],"about":[{"href":"https:\/\/logytsud.com.ar\/en\/wp-json\/wp\/v2\/types\/page"}],"author":[{"embeddable":true,"href":"https:\/\/logytsud.com.ar\/en\/wp-json\/wp\/v2\/users\/1"}],"replies":[{"embeddable":true,"href":"https:\/\/logytsud.com.ar\/en\/wp-json\/wp\/v2\/comments?post=31"}],"version-history":[{"count":17,"href":"https:\/\/logytsud.com.ar\/en\/wp-json\/wp\/v2\/pages\/31\/revisions"}],"predecessor-version":[{"id":479,"href":"https:\/\/logytsud.com.ar\/en\/wp-json\/wp\/v2\/pages\/31\/revisions\/479"}],"wp:attachment":[{"href":"https:\/\/logytsud.com.ar\/en\/wp-json\/wp\/v2\/media?parent=31"}],"curies":[{"name":"wp","href":"https:\/\/api.w.org\/{rel}","templated":true}]}}