{"id":33,"date":"2022-12-23T19:36:43","date_gmt":"2022-12-23T22:36:43","guid":{"rendered":"http:\/\/35.167.26.242\/?page_id=33"},"modified":"2026-01-27T12:32:07","modified_gmt":"2026-01-27T15:32:07","slug":"cpfr","status":"publish","type":"page","link":"https:\/\/logytsud.com.ar\/en\/cpfr\/","title":{"rendered":"CPFR"},"content":{"rendered":"<p>[et_pb_section fb_built=&#8221;1&#8243; module_id=&#8221;soluciones&#8221; _builder_version=&#8221;4.19.1&#8243; _module_preset=&#8221;default&#8221; background_color=&#8221;#f2f5f9&#8243; background_enable_image=&#8221;off&#8221; background_size=&#8221;contain&#8221; background_position=&#8221;center_right&#8221; custom_padding=&#8221;50px||27px||false|false&#8221; global_colors_info=&#8221;{}&#8221;][et_pb_row column_structure=&#8221;1_2,1_2&#8243; _builder_version=&#8221;4.16&#8243; _module_preset=&#8221;default&#8221; custom_padding=&#8221;||0px|||&#8221; global_colors_info=&#8221;{}&#8221;][et_pb_column type=&#8221;1_2&#8243; _builder_version=&#8221;4.16&#8243; _module_preset=&#8221;default&#8221; global_colors_info=&#8221;{}&#8221;][et_pb_text _builder_version=&#8221;4.19.2&#8243; _module_preset=&#8221;default&#8221; text_text_color=&#8221;#001740&#8243; text_font_size=&#8221;18px&#8221; header_font=&#8221;||||||||&#8221; header_text_color=&#8221;#001740&#8243; header_font_size=&#8221;50px&#8221; module_alignment=&#8221;center&#8221; global_colors_info=&#8221;{}&#8221;]<\/p>\n<h1>CPFR<\/h1>\n<p>At LogytSud, we encourage collaboration between companies, where <strong>CPFR (Collaborative Planning, Forecasting &amp; Replenishment)<\/strong> process plays a key role. We were part of the first experiences in the region, and since then, we have specialized in data management, design, execution, and training related to collaborative replenishment.<\/p>\n<p>We can support your business with CPFR processes by outsourcing them to LogytSud\u2019s expert team or by training your internal team.<\/p>\n<p>[\/et_pb_text][et_pb_button button_url=&#8221;@ET-DC@eyJkeW5hbWljIjp0cnVlLCJjb250ZW50IjoicG9zdF9saW5rX3VybF9wYWdlIiwic2V0dGluZ3MiOnsicG9zdF9pZCI6IjM1NyJ9fQ==@&#8221; button_text=&#8221;VER VIDEO&#8221; _builder_version=&#8221;4.27.5&#8243; _dynamic_attributes=&#8221;button_url&#8221; _module_preset=&#8221;default&#8221; custom_button=&#8221;on&#8221; button_text_size=&#8221;16px&#8221; button_text_color=&#8221;#005cff&#8221; button_border_width=&#8221;1px&#8221; button_border_radius=&#8221;50px&#8221; custom_padding=&#8221;10px|30px|8px|30px|false|false&#8221; global_colors_info=&#8221;{}&#8221;][\/et_pb_button][\/et_pb_column][et_pb_column type=&#8221;1_2&#8243; _builder_version=&#8221;4.16&#8243; _module_preset=&#8221;default&#8221; global_colors_info=&#8221;{}&#8221;][et_pb_image src=&#8221;http:\/\/35.167.26.242\/wp-content\/uploads\/2022\/12\/logo-big-1.png&#8221; title_text=&#8221;logo-big&#8221; align=&#8221;center&#8221; disabled_on=&#8221;on|off|off&#8221; _builder_version=&#8221;4.19.1&#8243; _module_preset=&#8221;default&#8221; max_width=&#8221;450px&#8221; custom_margin=&#8221;-70px||||false|false&#8221; global_colors_info=&#8221;{}&#8221;][\/et_pb_image][\/et_pb_column][\/et_pb_row][\/et_pb_section][et_pb_section fb_built=&#8221;1&#8243; _builder_version=&#8221;4.16&#8243; _module_preset=&#8221;default&#8221; custom_padding=&#8221;27px||18px|||&#8221; global_colors_info=&#8221;{}&#8221;][et_pb_row _builder_version=&#8221;4.16&#8243; _module_preset=&#8221;default&#8221; global_colors_info=&#8221;{}&#8221;][et_pb_column type=&#8221;4_4&#8243; _builder_version=&#8221;4.16&#8243; _module_preset=&#8221;default&#8221; global_colors_info=&#8221;{}&#8221;][et_pb_text _builder_version=&#8221;4.19.1&#8243; _module_preset=&#8221;default&#8221; text_text_color=&#8221;#001740&#8243; text_font_size=&#8221;18px&#8221; header_font=&#8221;||||||||&#8221; header_text_color=&#8221;#005cff&#8221; header_font_size=&#8221;50px&#8221; header_2_text_color=&#8221;#005cff&#8221; text_orientation=&#8221;center&#8221; width=&#8221;60%&#8221; module_alignment=&#8221;center&#8221; global_colors_info=&#8221;{}&#8221;]<\/p>\n<h2>How to implement <strong>CPFR<\/strong>?<\/h2>\n<p><span>With our approach, we\u2019ll help you identify the three key elements when implementing <strong>supplier\u2013retailer process<\/strong><\/span><\/p>\n<p>[\/et_pb_text][\/et_pb_column][\/et_pb_row][et_pb_row column_structure=&#8221;1_2,1_2&#8243; _builder_version=&#8221;4.19.1&#8243; _module_preset=&#8221;default&#8221; width=&#8221;100%&#8221; max_width=&#8221;90%&#8221; global_colors_info=&#8221;{}&#8221;][et_pb_column type=&#8221;1_2&#8243; _builder_version=&#8221;4.16&#8243; _module_preset=&#8221;default&#8221; global_colors_info=&#8221;{}&#8221;][et_pb_text _builder_version=&#8221;4.19.1&#8243; _module_preset=&#8221;default&#8221; text_text_color=&#8221;#001740&#8243; text_font_size=&#8221;18px&#8221; header_font=&#8221;||||||||&#8221; header_text_align=&#8221;center&#8221; header_text_color=&#8221;#005cff&#8221; header_font_size=&#8221;50px&#8221; header_2_text_color=&#8221;#005cff&#8221; text_orientation=&#8221;center&#8221; width=&#8221;60%&#8221; module_alignment=&#8221;center&#8221; custom_margin=&#8221;auto||auto||false|false&#8221; global_colors_info=&#8221;{}&#8221;]<\/p>\n<h2><strong>GOAL<\/strong><\/h2>\n<p><span>What are we aming to?<\/span><\/p>\n<p>[\/et_pb_text][et_pb_image src=&#8221;http:\/\/35.167.26.242\/wp-content\/uploads\/2022\/12\/graficos-01.png&#8221; title_text=&#8221;graficos-01&#8243; align=&#8221;center&#8221; _builder_version=&#8221;4.19.1&#8243; _module_preset=&#8221;default&#8221; global_colors_info=&#8221;{}&#8221;][\/et_pb_image][\/et_pb_column][et_pb_column type=&#8221;1_2&#8243; _builder_version=&#8221;4.16&#8243; _module_preset=&#8221;default&#8221; global_colors_info=&#8221;{}&#8221;][et_pb_text _builder_version=&#8221;4.19.1&#8243; _module_preset=&#8221;default&#8221; text_text_color=&#8221;#001740&#8243; text_font_size=&#8221;18px&#8221; header_font=&#8221;||||||||&#8221; header_text_color=&#8221;#005cff&#8221; header_font_size=&#8221;50px&#8221; header_2_text_color=&#8221;#005cff&#8221; text_orientation=&#8221;center&#8221; width=&#8221;60%&#8221; module_alignment=&#8221;center&#8221; custom_margin=&#8221;auto||auto||false|false&#8221; global_colors_info=&#8221;{}&#8221;]<\/p>\n<h2><strong>PROCESS AND ROLES<\/strong><\/h2>\n<p><span>How do we make it happen?<\/span><\/p>\n<p>[\/et_pb_text][et_pb_image src=&#8221;http:\/\/35.167.26.242\/wp-content\/uploads\/2022\/12\/graficos-02.jpg&#8221; title_text=&#8221;graficos-02&#8243; _builder_version=&#8221;4.19.1&#8243; _module_preset=&#8221;default&#8221; global_colors_info=&#8221;{}&#8221;][\/et_pb_image][\/et_pb_column][\/et_pb_row][\/et_pb_section][et_pb_section fb_built=&#8221;1&#8243; _builder_version=&#8221;4.19.1&#8243; _module_preset=&#8221;default&#8221; background_color=&#8221;#f9f9f9&#8243; global_colors_info=&#8221;{}&#8221;][et_pb_row _builder_version=&#8221;4.19.1&#8243; _module_preset=&#8221;default&#8221; global_colors_info=&#8221;{}&#8221;][et_pb_column type=&#8221;4_4&#8243; _builder_version=&#8221;4.16&#8243; _module_preset=&#8221;default&#8221; global_colors_info=&#8221;{}&#8221;][et_pb_text _builder_version=&#8221;4.19.1&#8243; _module_preset=&#8221;default&#8221; text_text_color=&#8221;#001740&#8243; text_font_size=&#8221;18px&#8221; header_font=&#8221;||||||||&#8221; header_text_color=&#8221;#005cff&#8221; header_font_size=&#8221;60px&#8221; header_2_text_color=&#8221;#005cff&#8221; header_2_font_size=&#8221;2em&#8221; text_orientation=&#8221;center&#8221; width=&#8221;60%&#8221; module_alignment=&#8221;center&#8221; custom_margin=&#8221;auto||auto||false|false&#8221; global_colors_info=&#8221;{}&#8221;]<\/p>\n<h2><strong>Activities, criteria, and indicators<\/strong><\/h2>\n<p>[\/et_pb_text][et_pb_image src=&#8221;http:\/\/35.167.26.242\/wp-content\/uploads\/2022\/12\/graficos-03.png&#8221; title_text=&#8221;graficos-03&#8243; _builder_version=&#8221;4.19.1&#8243; _module_preset=&#8221;default&#8221; global_colors_info=&#8221;{}&#8221;][\/et_pb_image][\/et_pb_column][\/et_pb_row][\/et_pb_section][et_pb_section fb_built=&#8221;1&#8243; _builder_version=&#8221;4.19.1&#8243; _module_preset=&#8221;default&#8221; background_color=&#8221;#005cff&#8221; background_image=&#8221;http:\/\/35.167.26.242\/wp-content\/uploads\/2022\/12\/back-logo.png&#8221; global_colors_info=&#8221;{}&#8221;][et_pb_row _builder_version=&#8221;4.19.1&#8243; _module_preset=&#8221;default&#8221; global_colors_info=&#8221;{}&#8221;][et_pb_column type=&#8221;4_4&#8243; _builder_version=&#8221;4.19.1&#8243; _module_preset=&#8221;default&#8221; global_colors_info=&#8221;{}&#8221;][et_pb_text _builder_version=&#8221;4.19.1&#8243; _module_preset=&#8221;default&#8221; header_text_color=&#8221;#FFFFFF&#8221; global_colors_info=&#8221;{}&#8221;]<\/p>\n<h1>En <strong>LogytSud<\/strong> At LogytSud, we leverage our experience to help you grow your business alongside the most important players in the distribution channels.<\/h1>\n<p>[\/et_pb_text][\/et_pb_column][\/et_pb_row][\/et_pb_section][et_pb_section fb_built=&#8221;1&#8243; module_id=&#8221;contacto&#8221; _builder_version=&#8221;4.16&#8243; _module_preset=&#8221;default&#8221; background_color=&#8221;#001740&#8243; saved_tabs=&#8221;all&#8221; global_colors_info=&#8221;{}&#8221;][et_pb_row column_structure=&#8221;1_2,1_2&#8243; _builder_version=&#8221;4.19.2&#8243; _module_preset=&#8221;default&#8221; global_colors_info=&#8221;{}&#8221;][et_pb_column type=&#8221;1_2&#8243; _builder_version=&#8221;4.16&#8243; _module_preset=&#8221;default&#8221; global_colors_info=&#8221;{}&#8221;][et_pb_text _builder_version=&#8221;4.16&#8243; _module_preset=&#8221;default&#8221; text_text_color=&#8221;#005cff&#8221; text_font_size=&#8221;18px&#8221; header_font=&#8221;||||||||&#8221; header_text_align=&#8221;left&#8221; header_text_color=&#8221;#005cff&#8221; header_font_size=&#8221;50px&#8221; text_orientation=&#8221;center&#8221; width_last_edited=&#8221;off|desktop&#8221; module_alignment=&#8221;left&#8221; global_colors_info=&#8221;{}&#8221;]<\/p>\n<h1>Contact us<\/h1>\n<p>[\/et_pb_text][et_pb_text _builder_version=&#8221;4.25.2&#8243; _module_preset=&#8221;default&#8221; text_text_color=&#8221;#ffffff&#8221; text_font_size=&#8221;18px&#8221; text_font_size_tablet=&#8221;&#8221; text_font_size_phone=&#8221;14px&#8221; text_font_size_last_edited=&#8221;on|phone&#8221; global_colors_info=&#8221;{}&#8221;]<\/p>\n<p style=\"text-align: left;\"><strong>HQ Argentina<\/strong><br \/>Gdor. Marcelino Ugarte 3610, Munro,<br \/>Buenos Aires 1605, AR<\/p>\n<p style=\"text-align: left;\">Join us <span style=\"color: #005cff;\"><a href=\"mailto:consultas@logytsud.com.ar\">busquedas@logytsud.com.ar<\/a><a href=\"mailto:consultas@logytsud.com.ar\"><\/a><\/span><\/p>\n<p style=\"text-align: left;\">Contact us\u00a0<span style=\"color: #005cff;\"><a href=\"mailto:consultas@logytsud.com.ar\">consultas@logytsud.com.ar<\/a><\/span><\/p>\n<p><span style=\"color: #005cff;\"><\/span><\/p>\n<p>&nbsp;<\/p>\n<p>[\/et_pb_text][\/et_pb_column][et_pb_column type=&#8221;1_2&#8243; _builder_version=&#8221;4.16&#8243; _module_preset=&#8221;default&#8221; global_colors_info=&#8221;{}&#8221;][\/et_pb_column][\/et_pb_row][\/et_pb_section][et_pb_section fb_built=&#8221;1&#8243; _builder_version=&#8221;4.16&#8243; _module_preset=&#8221;default&#8221; background_color=&#8221;#0a0a0a&#8221; custom_padding=&#8221;0px||0px|||&#8221; saved_tabs=&#8221;all&#8221; global_colors_info=&#8221;{}&#8221;][et_pb_row column_structure=&#8221;1_2,1_2&#8243; _builder_version=&#8221;4.16&#8243; _module_preset=&#8221;default&#8221; global_colors_info=&#8221;{}&#8221;][et_pb_column type=&#8221;1_2&#8243; _builder_version=&#8221;4.16&#8243; _module_preset=&#8221;default&#8221; global_colors_info=&#8221;{}&#8221;][et_pb_blurb title=&#8221;Todos los derechos reservados 2024&#8243; image=&#8221;http:\/\/35.167.26.242\/wp-content\/uploads\/2022\/12\/logo-1-1.png&#8221; icon_placement=&#8221;left&#8221; _builder_version=&#8221;4.25.2&#8243; _module_preset=&#8221;default&#8221; header_text_color=&#8221;#ffffff&#8221; header_font_size=&#8221;14px&#8221; header_line_height=&#8221;3em&#8221; global_colors_info=&#8221;{}&#8221;][\/et_pb_blurb][\/et_pb_column][et_pb_column type=&#8221;1_2&#8243; _builder_version=&#8221;4.16&#8243; _module_preset=&#8221;default&#8221; global_colors_info=&#8221;{}&#8221;][et_pb_social_media_follow _builder_version=&#8221;4.27.5&#8243; _module_preset=&#8221;default&#8221; text_orientation=&#8221;right&#8221; global_colors_info=&#8221;{}&#8221;][et_pb_social_media_follow_network social_network=&#8221;linkedin&#8221; url=&#8221;https:\/\/www.linkedin.com\/company\/logytsud\/&#8221; icon_color=&#8221;#005cff&#8221; _builder_version=&#8221;4.19.1&#8243; _module_preset=&#8221;default&#8221; background_enable_color=&#8221;off&#8221; global_colors_info=&#8221;{}&#8221; follow_button=&#8221;off&#8221; url_new_window=&#8221;on&#8221;]linkedin[\/et_pb_social_media_follow_network][et_pb_social_media_follow_network social_network=&#8221;instagram&#8221; url=&#8221;https:\/\/www.instagram.com\/logytsud?igsh=bHBnZ3J0N2ZrOWw=&#8221; _builder_version=&#8221;4.27.5&#8243; _module_preset=&#8221;default&#8221; background_color=&#8221;#ea2c59&#8243; global_colors_info=&#8221;{}&#8221; follow_button=&#8221;off&#8221; url_new_window=&#8221;on&#8221;]instagram[\/et_pb_social_media_follow_network][\/et_pb_social_media_follow][\/et_pb_column][\/et_pb_row][\/et_pb_section]<\/p>","protected":false},"excerpt":{"rendered":"<p>CPFR En LogytSud promovemos la colaboraci\u00f3n entre empresas, donde el proceso CPFR (Collaborative Planning, Forecasting &amp; Replenishment) juega un rol clave.\u00a0Participamos de las primeras experiencias en la regi\u00f3n, y desde entonces nos especializamos en el manejo de datos, dise\u00f1o, ejecuci\u00f3n y entrenamiento relacionados al reabastecimiento colaborativo. Podemos ayudarte con los procesos CPFR para tu negocio, [&hellip;]<\/p>","protected":false},"author":1,"featured_media":0,"parent":0,"menu_order":0,"comment_status":"closed","ping_status":"closed","template":"","meta":{"_et_pb_use_builder":"on","_et_pb_old_content":"","_et_gb_content_width":"","_monsterinsights_skip_tracking":false,"_monsterinsights_sitenote_active":false,"_monsterinsights_sitenote_note":"","_monsterinsights_sitenote_category":0,"footnotes":""},"class_list":["post-33","page","type-page","status-publish","hentry"],"aioseo_notices":[],"_links":{"self":[{"href":"https:\/\/logytsud.com.ar\/en\/wp-json\/wp\/v2\/pages\/33","targetHints":{"allow":["GET"]}}],"collection":[{"href":"https:\/\/logytsud.com.ar\/en\/wp-json\/wp\/v2\/pages"}],"about":[{"href":"https:\/\/logytsud.com.ar\/en\/wp-json\/wp\/v2\/types\/page"}],"author":[{"embeddable":true,"href":"https:\/\/logytsud.com.ar\/en\/wp-json\/wp\/v2\/users\/1"}],"replies":[{"embeddable":true,"href":"https:\/\/logytsud.com.ar\/en\/wp-json\/wp\/v2\/comments?post=33"}],"version-history":[{"count":15,"href":"https:\/\/logytsud.com.ar\/en\/wp-json\/wp\/v2\/pages\/33\/revisions"}],"predecessor-version":[{"id":477,"href":"https:\/\/logytsud.com.ar\/en\/wp-json\/wp\/v2\/pages\/33\/revisions\/477"}],"wp:attachment":[{"href":"https:\/\/logytsud.com.ar\/en\/wp-json\/wp\/v2\/media?parent=33"}],"curies":[{"name":"wp","href":"https:\/\/api.w.org\/{rel}","templated":true}]}}