{"id":357,"date":"2025-11-19T16:01:19","date_gmt":"2025-11-19T19:01:19","guid":{"rendered":"https:\/\/logytsud.com.ar\/?page_id=357"},"modified":"2026-01-16T10:57:22","modified_gmt":"2026-01-16T13:57:22","slug":"videos","status":"publish","type":"page","link":"https:\/\/logytsud.com.ar\/en\/videos\/","title":{"rendered":"Videos"},"content":{"rendered":"<p>[et_pb_section fb_built=&#8221;1&#8243; module_id=&#8221;videos-cpfr&#8221; _builder_version=&#8221;4.27.4&#8243; _module_preset=&#8221;default&#8221; custom_padding=&#8221;||0px|||&#8221; global_colors_info=&#8221;{}&#8221;][et_pb_row _builder_version=&#8221;4.27.5&#8243; _module_preset=&#8221;default&#8221; custom_padding=&#8221;||0px|||&#8221; global_colors_info=&#8221;{}&#8221;][et_pb_column type=&#8221;4_4&#8243; _builder_version=&#8221;4.27.4&#8243; _module_preset=&#8221;default&#8221; global_colors_info=&#8221;{}&#8221;][et_pb_text _builder_version=&#8221;4.27.5&#8243; _module_preset=&#8221;default&#8221; header_font_size=&#8221;40px&#8221; global_colors_info=&#8221;{}&#8221;]<\/p>\n<h1>CPFR<\/h1>\n<p>[\/et_pb_text][\/et_pb_column][\/et_pb_row][et_pb_row column_structure=&#8221;1_2,1_2&#8243; use_custom_gutter=&#8221;on&#8221; gutter_width=&#8221;2&#8243; _builder_version=&#8221;4.27.5&#8243; _module_preset=&#8221;default&#8221; custom_padding=&#8221;11px|||||&#8221; global_colors_info=&#8221;{}&#8221;][et_pb_column type=&#8221;1_2&#8243; _builder_version=&#8221;4.27.4&#8243; _module_preset=&#8221;default&#8221; global_colors_info=&#8221;{}&#8221;][et_pb_video src=&#8221;https:\/\/logytsud.com.ar\/wp-content\/uploads\/2025\/11\/video.mp4&#8243; _builder_version=&#8221;4.27.4&#8243; _module_preset=&#8221;default&#8221; global_colors_info=&#8221;{}&#8221;][\/et_pb_video][\/et_pb_column][et_pb_column type=&#8221;1_2&#8243; _builder_version=&#8221;4.27.5&#8243; _module_preset=&#8221;default&#8221; global_colors_info=&#8221;{}&#8221;][et_pb_text _builder_version=&#8221;4.27.5&#8243; _module_preset=&#8221;default&#8221; text_line_height=&#8221;1.5em&#8221; text_orientation=&#8221;justified&#8221; global_colors_info=&#8221;{}&#8221;]<\/p>\n<p style=\"text-align: justify;\">What is CPFR and why does it matter? What problems does it solve? What does it take to implement CPFR successfully? Is there a key role behind a successful CPFR process?<\/p>\n<p style=\"text-align: justify;\">The objective is to increase supply chain profitability through a collaborative approach.\nCPFR requires both parties to be fully aligned.\nTwo companies in a customer\u2013supplier relationship can implement and benefit from CPFR\u2014for example, a consumer goods manufacturer working with a supermarket chain.\nThe goal is to improve shared profitability between supplier and customer by increasing sales while reducing operational and supply chain costs.<\/p>\n<ul>\n<li style=\"text-align: justify;\">Ensure on-shelf availability, optimize assortment and store clustering, and improve promotional execution across the network.<\/li>\n<li style=\"text-align: justify;\">Optimize working capital while keeping inventories aligned with business needs.<\/li>\n<li style=\"text-align: justify;\">Reduce operational costs through logistics efficiency.<\/li>\n<\/ul>\n<p style=\"text-align: justify;\">What is required: Transparent information sharing\nCross-functional supplier\u2013customer teams working together, a dedicated CPFR role, with strong analytical capabilities, focused on data analysis and performance management.<\/p>\n<p>[\/et_pb_text][\/et_pb_column][\/et_pb_row][\/et_pb_section][et_pb_section fb_built=&#8221;1&#8243; module_id=&#8221;videos-tpr&#8221; _builder_version=&#8221;4.27.4&#8243; _module_preset=&#8221;default&#8221; background_color=&#8221;#f2f2f2&#8243; global_colors_info=&#8221;{}&#8221;][et_pb_row _builder_version=&#8221;4.27.4&#8243; _module_preset=&#8221;default&#8221; global_colors_info=&#8221;{}&#8221;][et_pb_column type=&#8221;4_4&#8243; _builder_version=&#8221;4.27.4&#8243; _module_preset=&#8221;default&#8221; global_colors_info=&#8221;{}&#8221;][et_pb_text _builder_version=&#8221;4.27.5&#8243; _module_preset=&#8221;default&#8221; header_font_size=&#8221;40px&#8221; global_colors_info=&#8221;{}&#8221;]<\/p>\n<h1><span style=\"color: #808080;\">TPR<\/span><\/h1>\n<p>[\/et_pb_text][\/et_pb_column][\/et_pb_row][et_pb_row column_structure=&#8221;1_2,1_2&#8243; use_custom_gutter=&#8221;on&#8221; gutter_width=&#8221;2&#8243; _builder_version=&#8221;4.27.5&#8243; _module_preset=&#8221;default&#8221; custom_padding=&#8221;11px|||||&#8221; global_colors_info=&#8221;{}&#8221;][et_pb_column type=&#8221;1_2&#8243; _builder_version=&#8221;4.27.4&#8243; _module_preset=&#8221;default&#8221; global_colors_info=&#8221;{}&#8221;][et_pb_video src=&#8221;https:\/\/logytsud.com.ar\/wp-content\/uploads\/2026\/01\/VIDEO-TPR-FINAL-3.mp4&#8243; _builder_version=&#8221;4.27.5&#8243; _module_preset=&#8221;default&#8221; global_colors_info=&#8221;{}&#8221;][\/et_pb_video][\/et_pb_column][et_pb_column type=&#8221;1_2&#8243; _builder_version=&#8221;4.27.5&#8243; _module_preset=&#8221;default&#8221; global_colors_info=&#8221;{}&#8221;][et_pb_text _builder_version=&#8221;4.27.5&#8243; _module_preset=&#8221;default&#8221; text_line_height=&#8221;1.5em&#8221; text_orientation=&#8221;justified&#8221; global_colors_info=&#8221;{}&#8221;]<\/p>\n<p><span>TPR<\/span><span> (<\/span><span>Trade<\/span><span> Performance <\/span><span>Report<\/span><span>) <\/span><span>retail<\/span><span>\u00a0es una <\/span><span>plataforma<\/span><span> web <\/span><span>dise\u00f1ada para identificar oportunidades que potencien el <\/span><span>sell<\/span><span> <\/span><span>out<\/span><span> y optimicen el abastecimiento y la ejecuci\u00f3n. Centraliza la informaci\u00f3n fresca del punto de venta y permite a los proveedores tomar decisiones entendiendo la situaci\u00f3n del negocio.<\/span><span><br \/><\/span><\/p>\n<ul>\n<li><span>Informaci\u00f3n procesada del Punto de Venta: <\/span><span>Basada en datos de ventas por <\/span><span>l\u00ednea<\/span><span> de cajas, niveles de stock y par\u00e1metros de reposici\u00f3n.<\/span><\/li>\n<li>Plataforma BI de navegaci\u00f3n \u00e1gil: Construida sobre una soluci\u00f3n de Business Intelligencepropia, facilita el filtrado, exploraci\u00f3n y visualizaci\u00f3n de datos.<\/li>\n<li>Reportes: Informes est\u00e1ndar adaptados a distintos clientes, con granularidad que abarca desde el nivel total negocio hasta SKU-Tienda. Capacidad de desarrollo de reportes ad-hoc.<\/li>\n<li>Oportunidades de Crecimiento: Identifica oportunidades de negocio para potenciar el canal.<\/li>\n<li>An\u00e1lisis de KPI y tendencias: Seguimiento detallado de indicadores clave de rendimiento y su evoluci\u00f3n.<\/li>\n<li>Descarga y Acceso: Exportaci\u00f3n de informaci\u00f3n hist\u00f3rica a Excel, permitiendo un an\u00e1lisis personalizado y flexible.<\/li>\n<li>Actualizaci\u00f3n diaria de informaci\u00f3n.<\/li>\n<li>Posibilidad de recibir datos homologados (Servicio de Outputs).<\/li>\n<\/ul>\n<p><span><\/span><\/p>\n<p>[\/et_pb_text][\/et_pb_column][\/et_pb_row][\/et_pb_section][et_pb_section fb_built=&#8221;1&#8243; module_id=&#8221;contacto&#8221; _builder_version=&#8221;4.19.4&#8243; _module_preset=&#8221;default&#8221; background_color=&#8221;#001740&#8243; background_image=&#8221;https:\/\/logytsud.com.ar\/wp-content\/uploads\/2022\/12\/back-logo.png&#8221; custom_padding=&#8221;20px||15px||false|false&#8221; global_module=&#8221;381&#8243; saved_tabs=&#8221;all&#8221; global_colors_info=&#8221;{}&#8221;][et_pb_row _builder_version=&#8221;4.25.2&#8243; _module_preset=&#8221;default&#8221; global_colors_info=&#8221;{}&#8221;][et_pb_column type=&#8221;4_4&#8243; _builder_version=&#8221;4.16&#8243; _module_preset=&#8221;default&#8221; global_colors_info=&#8221;{}&#8221;][et_pb_text _builder_version=&#8221;4.27.4&#8243; _module_preset=&#8221;default&#8221; text_text_color=&#8221;#005cff&#8221; text_font_size=&#8221;18px&#8221; header_font=&#8221;||||||||&#8221; header_text_align=&#8221;center&#8221; header_text_color=&#8221;#005cff&#8221; header_font_size=&#8221;50px&#8221; text_orientation=&#8221;center&#8221; width_last_edited=&#8221;off|desktop&#8221; module_alignment=&#8221;left&#8221; custom_margin=&#8221;||11px|||&#8221; global_colors_info=&#8221;{}&#8221;]<\/p>\n<h1 style=\"text-align: left;\">Contact us<\/h1>\n<p>[\/et_pb_text][et_pb_text _builder_version=&#8221;4.25.2&#8243; _module_preset=&#8221;default&#8221; text_text_color=&#8221;#ffffff&#8221; text_orientation=&#8221;center&#8221; text_font_size_tablet=&#8221;&#8221; text_font_size_phone=&#8221;14px&#8221; text_font_size_last_edited=&#8221;on|phone&#8221; global_colors_info=&#8221;{}&#8221;]<\/p>\n<p style=\"text-align: left;\"><strong>HQ Argentina<\/strong><br \/>Gdor. Marcelino Ugarte 3610, Munro,<br \/>Buenos Aires 1605, AR<\/p>\n<p style=\"text-align: left;\"><strong>HQ Chile<\/strong><br \/>Las Condes, Santiago de Chile, CL<br \/>+ 56 99194 1734<\/p>\n<p style=\"text-align: left;\">Join us <span style=\"color: #005cff;\"><a href=\"mailto:consultas@logytsud.com.ar\">busquedas@logytsud.com.ar<\/a><a href=\"mailto:consultas@logytsud.com.ar\"><\/a><\/span><\/p>\n<p style=\"text-align: left;\">Contact us\u00a0<span style=\"color: #005cff;\"><a href=\"mailto:consultas@logytsud.com.ar\">consultas@logytsud.com.ar<\/a><\/span><\/p>\n<p><span style=\"color: #005cff;\"><\/span><\/p>\n<p>[\/et_pb_text][\/et_pb_column][\/et_pb_row][\/et_pb_section][et_pb_section fb_built=&#8221;1&#8243; _builder_version=&#8221;4.16&#8243; _module_preset=&#8221;default&#8221; background_color=&#8221;#0a0a0a&#8221; custom_padding=&#8221;0px||0px|||&#8221; global_module=&#8221;384&#8243; saved_tabs=&#8221;all&#8221; global_colors_info=&#8221;{}&#8221;][et_pb_row column_structure=&#8221;1_2,1_2&#8243; _builder_version=&#8221;4.16&#8243; _module_preset=&#8221;default&#8221; global_colors_info=&#8221;{}&#8221;][et_pb_column type=&#8221;1_2&#8243; _builder_version=&#8221;4.16&#8243; _module_preset=&#8221;default&#8221; global_colors_info=&#8221;{}&#8221;][et_pb_blurb title=&#8221;Todos los derechos reservados 2024&#8243; image=&#8221;https:\/\/logytsud.com.ar\/wp-content\/uploads\/2022\/12\/logo-big-1.png&#8221; icon_placement=&#8221;left&#8221; _builder_version=&#8221;4.25.2&#8243; _module_preset=&#8221;default&#8221; header_text_color=&#8221;#ffffff&#8221; header_font_size=&#8221;14px&#8221; header_line_height=&#8221;3em&#8221; global_colors_info=&#8221;{}&#8221;][\/et_pb_blurb][\/et_pb_column][et_pb_column type=&#8221;1_2&#8243; _builder_version=&#8221;4.16&#8243; _module_preset=&#8221;default&#8221; global_colors_info=&#8221;{}&#8221;][et_pb_social_media_follow _builder_version=&#8221;4.27.5&#8243; _module_preset=&#8221;default&#8221; text_orientation=&#8221;right&#8221; global_colors_info=&#8221;{}&#8221;][et_pb_social_media_follow_network social_network=&#8221;linkedin&#8221; url=&#8221;https:\/\/www.linkedin.com\/company\/logytsud\/&#8221; icon_color=&#8221;#005cff&#8221; _builder_version=&#8221;4.19.1&#8243; _module_preset=&#8221;default&#8221; background_enable_color=&#8221;off&#8221; global_colors_info=&#8221;{}&#8221; follow_button=&#8221;off&#8221; url_new_window=&#8221;on&#8221;]linkedin[\/et_pb_social_media_follow_network][et_pb_social_media_follow_network social_network=&#8221;instagram&#8221; url=&#8221;https:\/\/www.instagram.com\/logytsud?igsh=bHBnZ3J0N2ZrOWw=&#8221; _builder_version=&#8221;4.27.5&#8243; _module_preset=&#8221;default&#8221; background_color=&#8221;#ea2c59&#8243; global_colors_info=&#8221;{}&#8221; follow_button=&#8221;off&#8221; url_new_window=&#8221;on&#8221;]instagram[\/et_pb_social_media_follow_network][\/et_pb_social_media_follow][\/et_pb_column][\/et_pb_row][\/et_pb_section]<\/p>","protected":false},"excerpt":{"rendered":"<p>CPFR\u00bfQu\u00e9 es CPFR? \u00bfPara qu\u00e9 sirve? \u00bfQu\u00e9 necesitamos que pase para hacerlo? \u00bfHay alg\u00fan rol clave en este proceso? El objetivo es aumentar la rentabilidad de la cadena de suministro con un enfoque colaborativo. CPFR (Colaborative Planning, Forecasting y Replenishment.) Ambas partes debe estar alienadas. Dos empresas cliente-proveedor pueden implementar y aprovechar CPFR, p.e. un [&hellip;]<\/p>","protected":false},"author":2,"featured_media":0,"parent":0,"menu_order":0,"comment_status":"closed","ping_status":"closed","template":"","meta":{"_et_pb_use_builder":"on","_et_pb_old_content":"<!-- wp:divi\/placeholder \/-->","_et_gb_content_width":"","_monsterinsights_skip_tracking":false,"_monsterinsights_sitenote_active":false,"_monsterinsights_sitenote_note":"","_monsterinsights_sitenote_category":0,"footnotes":""},"class_list":["post-357","page","type-page","status-publish","hentry"],"aioseo_notices":[],"_links":{"self":[{"href":"https:\/\/logytsud.com.ar\/en\/wp-json\/wp\/v2\/pages\/357","targetHints":{"allow":["GET"]}}],"collection":[{"href":"https:\/\/logytsud.com.ar\/en\/wp-json\/wp\/v2\/pages"}],"about":[{"href":"https:\/\/logytsud.com.ar\/en\/wp-json\/wp\/v2\/types\/page"}],"author":[{"embeddable":true,"href":"https:\/\/logytsud.com.ar\/en\/wp-json\/wp\/v2\/users\/2"}],"replies":[{"embeddable":true,"href":"https:\/\/logytsud.com.ar\/en\/wp-json\/wp\/v2\/comments?post=357"}],"version-history":[{"count":18,"href":"https:\/\/logytsud.com.ar\/en\/wp-json\/wp\/v2\/pages\/357\/revisions"}],"predecessor-version":[{"id":469,"href":"https:\/\/logytsud.com.ar\/en\/wp-json\/wp\/v2\/pages\/357\/revisions\/469"}],"wp:attachment":[{"href":"https:\/\/logytsud.com.ar\/en\/wp-json\/wp\/v2\/media?parent=357"}],"curies":[{"name":"wp","href":"https:\/\/api.w.org\/{rel}","templated":true}]}}