{"id":371,"date":"2025-11-19T17:21:29","date_gmt":"2025-11-19T20:21:29","guid":{"rendered":"https:\/\/logytsud.com.ar\/?page_id=371"},"modified":"2025-12-12T14:46:33","modified_gmt":"2025-12-12T17:46:33","slug":"novedades","status":"publish","type":"page","link":"https:\/\/logytsud.com.ar\/en\/novedades\/","title":{"rendered":"Novedades"},"content":{"rendered":"<p>[et_pb_section fb_built=&#8221;1&#8243; _builder_version=&#8221;4.27.4&#8243; _module_preset=&#8221;default&#8221; background_color=&#8221;#f2f2f2&#8243; global_colors_info=&#8221;{}&#8221;][et_pb_row column_structure=&#8221;1_2,1_2&#8243; _builder_version=&#8221;4.27.4&#8243; _module_preset=&#8221;default&#8221; global_colors_info=&#8221;{}&#8221;][et_pb_column type=&#8221;1_2&#8243; _builder_version=&#8221;4.27.4&#8243; _module_preset=&#8221;default&#8221; global_colors_info=&#8221;{}&#8221;][et_pb_image title_text=&#8221;nota-01&#8243; _builder_version=&#8221;4.27.5&#8243; _module_preset=&#8221;default&#8221; global_colors_info=&#8221;{}&#8221; src=&#8221;https:\/\/logytsud.com.ar\/wp-content\/uploads\/2025\/11\/nota-01-e1765561357184.png&#8221; hover_enabled=&#8221;0&#8243; sticky_enabled=&#8221;0&#8243;][\/et_pb_image][et_pb_text _builder_version=&#8221;4.27.5&#8243; _module_preset=&#8221;default&#8221; text_font=&#8221;&#8211;et_global_heading_font|700|||||||&#8221; text_text_color=&#8221;#005cff&#8221; header_font=&#8221;|700|||||||&#8221; custom_margin=&#8221;||14px|||&#8221; hover_enabled=&#8221;0&#8243; global_colors_info=&#8221;{}&#8221; text_font_size=&#8221;18px&#8221; sticky_enabled=&#8221;0&#8243;]<\/p>\n<p>Actionable store alerts<\/p>\n<p>[\/et_pb_text][et_pb_text _builder_version=&#8221;4.27.5&#8243; _module_preset=&#8221;default&#8221; hover_enabled=&#8221;0&#8243; global_colors_info=&#8221;{}&#8221; text_font=&#8221;&#8211;et_global_heading_font||||||||&#8221; sticky_enabled=&#8221;0&#8243; text_orientation=&#8221;justified&#8221;]<\/p>\n<p>Mobile reporting for field teams, connecting directly with stores.<\/p>\n<p>Mobile-ready reports summarizing the most critical cases to review at the point of sale.<\/p>\n<p>Key benefits<\/p>\n<ul>\n<li data-charcodes=\"8226\" data-font=\"Arial,Sans-Serif\" data-buautonum=\"8\" data-aria-posinset=\"1\" data-aria-level=\"1\" style=\"text-align: justify;\">Identify issues in real time<\/li>\n<li data-charcodes=\"8226\" data-font=\"Arial,Sans-Serif\" data-buautonum=\"8\" data-aria-posinset=\"2\" data-aria-level=\"1\" style=\"text-align: justify;\">Act directly at the point of sale to resolve execution gaps<\/li>\n<li>Improve issue resolution to ensure optimal replenishment<\/li>\n<\/ul>\n<p>&nbsp;<\/p>\n<p>&nbsp;<\/p>\n<p>[\/et_pb_text][\/et_pb_column][et_pb_column type=&#8221;1_2&#8243; _builder_version=&#8221;4.27.4&#8243; _module_preset=&#8221;default&#8221; global_colors_info=&#8221;{}&#8221;][et_pb_image src=&#8221;https:\/\/logytsud.com.ar\/wp-content\/uploads\/2025\/12\/nota-e1765561512622.png&#8221; title_text=&#8221;nota&#8221; _builder_version=&#8221;4.27.5&#8243; _module_preset=&#8221;default&#8221; hover_enabled=&#8221;0&#8243; global_colors_info=&#8221;{}&#8221; sticky_enabled=&#8221;0&#8243;][\/et_pb_image][et_pb_text _builder_version=&#8221;4.27.5&#8243; _module_preset=&#8221;default&#8221; text_font=&#8221;&#8211;et_global_heading_font|700|||||||&#8221; text_text_color=&#8221;#005cff&#8221; header_font=&#8221;|700|||||||&#8221; custom_margin=&#8221;||14px|||&#8221; hover_enabled=&#8221;0&#8243; global_colors_info=&#8221;{}&#8221; text_font_size=&#8221;18px&#8221; sticky_enabled=&#8221;0&#8243;]<\/p>\n<p>CPFR guide<\/p>\n<p>[\/et_pb_text][et_pb_text _builder_version=&#8221;4.27.5&#8243; _module_preset=&#8221;default&#8221; custom_margin=&#8221;||11px|||&#8221; hover_enabled=&#8221;0&#8243; global_colors_info=&#8221;{}&#8221; text_font=&#8221;&#8211;et_global_heading_font||||||||&#8221; sticky_enabled=&#8221;0&#8243;]<\/p>\n<p style=\"text-align: justify;\">In a business environment where integration is the key to success, the CPFR process becomes the engine that drives productivity and profitability across the consumer goods value chain.<\/p>\n<p style=\"text-align: justify;\">This executive guide <strong>helps organizations understand how to identify<\/strong>and work with key players across distribution channels, structuring the process to make it easier to interpret, execute, and sustain over time.<\/p>\n<p style=\"text-align: justify;\">Through data management, strategic design, and specialized training, at LogytSud we help maximize your business potential through collaborative integration, delivering value to the business community and end consumers alike.<\/p>\n<p>[\/et_pb_text][et_pb_button button_url=&#8221;https:\/\/logytsud.com.ar\/wp-content\/uploads\/2025\/11\/GUIA-CPFR-2024.pdf&#8221; url_new_window=&#8221;on&#8221; button_text=&#8221;Descargar&#8221; _builder_version=&#8221;4.27.4&#8243; _module_preset=&#8221;default&#8221; custom_button=&#8221;on&#8221; button_text_size=&#8221;15px&#8221; button_text_color=&#8221;#005cff&#8221; hover_enabled=&#8221;0&#8243; global_colors_info=&#8221;{}&#8221; sticky_enabled=&#8221;0&#8243;][\/et_pb_button][\/et_pb_column][\/et_pb_row][\/et_pb_section][et_pb_section fb_built=&#8221;1&#8243; module_id=&#8221;contacto&#8221; _builder_version=&#8221;4.19.4&#8243; _module_preset=&#8221;default&#8221; background_color=&#8221;#001740&#8243; background_image=&#8221;https:\/\/logytsud.com.ar\/wp-content\/uploads\/2022\/12\/back-logo.png&#8221; custom_padding=&#8221;20px||15px||false|false&#8221; global_module=&#8221;381&#8243; saved_tabs=&#8221;all&#8221; global_colors_info=&#8221;{}&#8221;][et_pb_row _builder_version=&#8221;4.25.2&#8243; _module_preset=&#8221;default&#8221; global_colors_info=&#8221;{}&#8221;][et_pb_column type=&#8221;4_4&#8243; _builder_version=&#8221;4.16&#8243; _module_preset=&#8221;default&#8221; global_colors_info=&#8221;{}&#8221;][et_pb_text _builder_version=&#8221;4.27.4&#8243; _module_preset=&#8221;default&#8221; text_text_color=&#8221;#005cff&#8221; text_font_size=&#8221;18px&#8221; header_font=&#8221;||||||||&#8221; header_text_align=&#8221;center&#8221; header_text_color=&#8221;#005cff&#8221; header_font_size=&#8221;50px&#8221; text_orientation=&#8221;center&#8221; width_last_edited=&#8221;off|desktop&#8221; module_alignment=&#8221;left&#8221; custom_margin=&#8221;||11px|||&#8221; global_colors_info=&#8221;{}&#8221;]<\/p>\n<h1 style=\"text-align: left;\">Contact us<\/h1>\n<p>[\/et_pb_text][et_pb_text _builder_version=&#8221;4.25.2&#8243; _module_preset=&#8221;default&#8221; text_text_color=&#8221;#ffffff&#8221; text_orientation=&#8221;center&#8221; text_font_size_tablet=&#8221;&#8221; text_font_size_phone=&#8221;14px&#8221; text_font_size_last_edited=&#8221;on|phone&#8221; global_colors_info=&#8221;{}&#8221;]<\/p>\n<p style=\"text-align: left;\"><strong>HQ Argentina<\/strong><br \/>Gdor. Marcelino Ugarte 3610, Munro,<br \/>Buenos Aires 1605, AR<\/p>\n<p style=\"text-align: left;\"><strong>HQ Chile<\/strong><br \/>Las Condes, Santiago de Chile, CL<br \/>+ 56 99194 1734<\/p>\n<p style=\"text-align: left;\">Join us <span style=\"color: #005cff;\"><a href=\"mailto:consultas@logytsud.com.ar\">busquedas@logytsud.com.ar<\/a><a href=\"mailto:consultas@logytsud.com.ar\"><\/a><\/span><\/p>\n<p style=\"text-align: left;\">Contact us\u00a0<span style=\"color: #005cff;\"><a href=\"mailto:consultas@logytsud.com.ar\">consultas@logytsud.com.ar<\/a><\/span><\/p>\n<p><span style=\"color: #005cff;\"><\/span><\/p>\n<p>[\/et_pb_text][\/et_pb_column][\/et_pb_row][\/et_pb_section][et_pb_section fb_built=&#8221;1&#8243; _builder_version=&#8221;4.16&#8243; _module_preset=&#8221;default&#8221; background_color=&#8221;#0a0a0a&#8221; custom_padding=&#8221;0px||0px|||&#8221; global_module=&#8221;384&#8243; saved_tabs=&#8221;all&#8221; global_colors_info=&#8221;{}&#8221;][et_pb_row column_structure=&#8221;1_2,1_2&#8243; _builder_version=&#8221;4.16&#8243; _module_preset=&#8221;default&#8221; global_colors_info=&#8221;{}&#8221;][et_pb_column type=&#8221;1_2&#8243; _builder_version=&#8221;4.16&#8243; _module_preset=&#8221;default&#8221; global_colors_info=&#8221;{}&#8221;][et_pb_blurb title=&#8221;Todos los derechos reservados 2024&#8243; image=&#8221;https:\/\/logytsud.com.ar\/wp-content\/uploads\/2022\/12\/logo-big-1.png&#8221; icon_placement=&#8221;left&#8221; _builder_version=&#8221;4.25.2&#8243; _module_preset=&#8221;default&#8221; header_text_color=&#8221;#ffffff&#8221; header_font_size=&#8221;14px&#8221; header_line_height=&#8221;3em&#8221; global_colors_info=&#8221;{}&#8221;][\/et_pb_blurb][\/et_pb_column][et_pb_column type=&#8221;1_2&#8243; _builder_version=&#8221;4.16&#8243; _module_preset=&#8221;default&#8221; global_colors_info=&#8221;{}&#8221;][et_pb_social_media_follow _builder_version=&#8221;4.27.5&#8243; _module_preset=&#8221;default&#8221; text_orientation=&#8221;right&#8221; global_colors_info=&#8221;{}&#8221;][et_pb_social_media_follow_network social_network=&#8221;linkedin&#8221; url=&#8221;https:\/\/www.linkedin.com\/company\/logytsud\/&#8221; icon_color=&#8221;#005cff&#8221; _builder_version=&#8221;4.19.1&#8243; _module_preset=&#8221;default&#8221; background_enable_color=&#8221;off&#8221; global_colors_info=&#8221;{}&#8221; follow_button=&#8221;off&#8221; url_new_window=&#8221;on&#8221;]linkedin[\/et_pb_social_media_follow_network][et_pb_social_media_follow_network social_network=&#8221;instagram&#8221; url=&#8221;https:\/\/www.instagram.com\/logytsud?igsh=bHBnZ3J0N2ZrOWw=&#8221; _builder_version=&#8221;4.27.5&#8243; _module_preset=&#8221;default&#8221; background_color=&#8221;#ea2c59&#8243; global_colors_info=&#8221;{}&#8221; follow_button=&#8221;off&#8221; url_new_window=&#8221;on&#8221;]instagram[\/et_pb_social_media_follow_network][\/et_pb_social_media_follow][\/et_pb_column][\/et_pb_row][\/et_pb_section]<\/p>","protected":false},"excerpt":{"rendered":"<p>Alarmas de tiendasReporte m\u00f3vil para supervisores y repositores: conexi\u00f3n directa con las tiendas. Dise\u00f1amos un reporte adaptado para celulares, que resume los casos prioritarios a revisar en el punto de venta.\u200b Beneficios clave:\u200b Facilita la identificaci\u00f3n de problemas en tiempo real.\u200b Conecta directamente con el punto de venta para resolver problemas.\u200b Colabora con la resoluci\u00f3n [&hellip;]<\/p>","protected":false},"author":2,"featured_media":0,"parent":0,"menu_order":0,"comment_status":"closed","ping_status":"closed","template":"","meta":{"_et_pb_use_builder":"on","_et_pb_old_content":"<!-- wp:divi\/placeholder \/-->","_et_gb_content_width":"","_monsterinsights_skip_tracking":false,"_monsterinsights_sitenote_active":false,"_monsterinsights_sitenote_note":"","_monsterinsights_sitenote_category":0,"footnotes":""},"class_list":["post-371","page","type-page","status-publish","hentry"],"aioseo_notices":[],"_links":{"self":[{"href":"https:\/\/logytsud.com.ar\/en\/wp-json\/wp\/v2\/pages\/371","targetHints":{"allow":["GET"]}}],"collection":[{"href":"https:\/\/logytsud.com.ar\/en\/wp-json\/wp\/v2\/pages"}],"about":[{"href":"https:\/\/logytsud.com.ar\/en\/wp-json\/wp\/v2\/types\/page"}],"author":[{"embeddable":true,"href":"https:\/\/logytsud.com.ar\/en\/wp-json\/wp\/v2\/users\/2"}],"replies":[{"embeddable":true,"href":"https:\/\/logytsud.com.ar\/en\/wp-json\/wp\/v2\/comments?post=371"}],"version-history":[{"count":14,"href":"https:\/\/logytsud.com.ar\/en\/wp-json\/wp\/v2\/pages\/371\/revisions"}],"predecessor-version":[{"id":455,"href":"https:\/\/logytsud.com.ar\/en\/wp-json\/wp\/v2\/pages\/371\/revisions\/455"}],"wp:attachment":[{"href":"https:\/\/logytsud.com.ar\/en\/wp-json\/wp\/v2\/media?parent=371"}],"curies":[{"name":"wp","href":"https:\/\/api.w.org\/{rel}","templated":true}]}}